{"id":6452,"date":"2019-09-26T08:57:45","date_gmt":"2019-09-26T06:57:45","guid":{"rendered":"http:\/\/www.ewp.bz\/?page_id=6452"},"modified":"2024-06-05T13:42:02","modified_gmt":"2024-06-05T11:42:02","slug":"contatto","status":"publish","type":"page","link":"https:\/\/www.ewp.bz\/it\/contatto\/","title":{"rendered":"Contatto"},"content":{"rendered":"<div class=\"wpb-content-wrapper\">[mk_page_section bg_image=&#8221;https:\/\/www.ewp.bz\/wp-content\/uploads\/fernheizwerk-energiewerk-pfalzen-teleriscaldamento-azienda-energetica-falzes1.jpg&#8221; bg_position=&#8221;center center&#8221; bg_repeat=&#8221;no-repeat&#8221; bg_stretch=&#8221;true&#8221; adaptive_height=&#8221;true&#8221; max_height=&#8221;550&#8243; min_height=&#8221;250&#8243; padding_top=&#8221;0&#8243; padding_bottom=&#8221;0&#8243; el_class=&#8221;big-image&#8221; sidebar=&#8221;sidebar-1&#8243;][vc_column][\/vc_column][\/mk_page_section][vc_row][vc_column][mk_fancy_title size=&#8221;36&#8243; force_font_size=&#8221;true&#8221; size_tablet=&#8221;30&#8243; size_phone=&#8221;26&#8243; txt_transform=&#8221;uppercase&#8221; margin_top=&#8221;60&#8243; margin_bottom=&#8221;50&#8243; font_family=&#8221;none&#8221; align=&#8221;center&#8221;]Contattateci[\/mk_fancy_title][\/vc_column][\/vc_row][vc_row][vc_column width=&#8221;1\/2&#8243;][vc_column_text margin_bottom=&#8221;30&#8243; css=&#8221;.vc_custom_1717587720370{margin-bottom: 30px !important;}&#8221;]<strong>IL NOSTRO UFFICO<\/strong><br \/>\nAzienda energetica Falzes<br \/>\nUnterberg 1, 39030 Falzes<br \/>\n<strong>Orari di apertura dell\u2019ufficio :<\/strong><br \/>\nLuned\u00ec, Marted\u00ec e Gioved\u00ec ore 08:00 -12:00<\/p>\n<p><strong>E-MAIL<\/strong><br \/>\nEmail:\u00a0<a href=\"mailto:info@ewp.bz\">info@ewp.bz<br \/>\n<\/a>PEC-Mail: <a href=\"mailto:ewp@pec.rolmail.net\">ewp@pec.rolmail.net<\/a><\/p>\n<p><strong>TELEFONO<\/strong><br \/>\nTelefono: +39 0474 528450<br \/>\nMobil: +39 349 2478870[\/vc_column_text][\/vc_column][vc_column width=&#8221;1\/2&#8243;]\n<div class=\"wpcf7 no-js\" id=\"wpcf7-f6494-o1\" lang=\"de-DE\" dir=\"ltr\">\n<div class=\"screen-reader-response\"><p role=\"status\" aria-live=\"polite\" aria-atomic=\"true\"><\/p> <ul><\/ul><\/div>\n<form action=\"\/it\/wp-json\/wp\/v2\/pages\/6452#wpcf7-f6494-o1\" method=\"post\" class=\"wpcf7-form init wpcf7-acceptance-as-validation\" aria-label=\"Kontaktformular\" enctype=\"multipart\/form-data\" novalidate=\"novalidate\" data-status=\"init\">\n<div style=\"display: none;\">\n<input type=\"hidden\" name=\"_wpcf7\" value=\"6494\" \/>\n<input type=\"hidden\" name=\"_wpcf7_version\" value=\"5.9.8\" \/>\n<input type=\"hidden\" name=\"_wpcf7_locale\" value=\"de_DE\" \/>\n<input type=\"hidden\" name=\"_wpcf7_unit_tag\" value=\"wpcf7-f6494-o1\" \/>\n<input type=\"hidden\" name=\"_wpcf7_container_post\" value=\"0\" \/>\n<input type=\"hidden\" name=\"_wpcf7_posted_data_hash\" value=\"\" \/>\n<input type=\"hidden\" name=\"_wpcf7_recaptcha_response\" value=\"\" \/>\n<\/div>\n<p>Il tuo nome (Campo obbligatorio)\n<\/p>\n<p><span class=\"wpcf7-form-control-wrap\" data-name=\"your-name\"><input size=\"40\" maxlength=\"400\" class=\"wpcf7-form-control wpcf7-text wpcf7-validates-as-required\" aria-required=\"true\" aria-invalid=\"false\" value=\"\" type=\"text\" name=\"your-name\" \/><\/span>\n<\/p>\n<p>La tua email (Campo obbligatorio)\n<\/p>\n<p><span class=\"wpcf7-form-control-wrap\" data-name=\"your-email\"><input size=\"40\" maxlength=\"400\" class=\"wpcf7-form-control wpcf7-email wpcf7-validates-as-required wpcf7-text wpcf7-validates-as-email\" aria-required=\"true\" aria-invalid=\"false\" value=\"\" type=\"email\" name=\"your-email\" \/><\/span>\n<\/p>\n<p>Il tuo messaggio (Campo obbligatorio)\n<\/p>\n<p><span class=\"wpcf7-form-control-wrap\" data-name=\"your-message\"><textarea cols=\"40\" rows=\"10\" maxlength=\"2000\" class=\"wpcf7-form-control wpcf7-textarea wpcf7-validates-as-required\" aria-required=\"true\" aria-invalid=\"false\" name=\"your-message\"><\/textarea><\/span>\n<\/p>\n<p><span id=\"wpcf7-69f5e115d9013-wrapper\" class=\"wpcf7-form-control-wrap Fax-wrap\" ><label for=\"wpcf7-69f5e115d9013-field\" class=\"hp-message\">Bitte lasse dieses Feld leer.<\/label><input id=\"wpcf7-69f5e115d9013-field\"  class=\"wpcf7-form-control wpcf7-text\" type=\"text\" name=\"Fax\" value=\"\" size=\"40\" tabindex=\"-1\" autocomplete=\"new-password\" \/><\/span>\n<\/p>\n<p>Carica documento\n<\/p>\n<p><span class=\"wpcf7-form-control-wrap\" data-name=\"your-file\"><input size=\"40\" class=\"wpcf7-form-control wpcf7-file\" accept=\".pdf,.jpg\" aria-invalid=\"false\" type=\"file\" name=\"your-file\" \/><\/span>\n<\/p>\n<p><span class=\"wpcf7-form-control-wrap\" data-name=\"Privacy\"><span class=\"wpcf7-form-control wpcf7-acceptance\"><span class=\"wpcf7-list-item\"><input type=\"checkbox\" name=\"Privacy\" value=\"1\" aria-invalid=\"false\" \/><\/span><\/span><\/span> Ho letto le direttive sulla<a href=\"\/it\/privacy\/\"> privacy<\/a> e le accetto\n<\/p>\n<p>\n\n<\/p>\n<p><input class=\"wpcf7-form-control wpcf7-submit has-spinner\" type=\"submit\" value=\"Invia\" \/>\n<\/p><div class=\"wpcf7-response-output\" aria-hidden=\"true\"><\/div>\n<\/form>\n<\/div>\n[\/vc_column][\/vc_row][vc_row][vc_column][mk_padding_divider size=&#8221;50&#8243;][vc_gmaps link=&#8221;#E-8_JTNDaWZyYW1lJTIwc3JjJTNEJTIyaHR0cHMlM0ElMkYlMkZ3d3cuZ29vZ2xlLmNvbSUyRm1hcHMlMkZlbWJlZCUzRnBiJTNEJTIxMW0xOCUyMTFtMTIlMjExbTMlMjExZDEwOTIzLjUzODQ5NzI1OTI0NCUyMTJkMTEuODc2NTA4NzkyNjk4ODcxJTIxM2Q0Ni44MDY1Nzg1NzQzODUzNyUyMTJtMyUyMTFmMCUyMTJmMCUyMTNmMCUyMTNtMiUyMTFpMTAyNCUyMTJpNzY4JTIxNGYxMy4xJTIxM20zJTIxMW0yJTIxMXMweDQ3NzgxZmI2YzQ2NDIyZWYlMjUzQTB4MTZmNmY3Njc0YTI5NDU5ZCUyMTJzRW5lcmdpZXdlcmslMkJQZmFsemVuJTJCLSUyQkVXUCUyMTVlMCUyMTNtMiUyMTFzaXQlMjEyc2l0JTIxNHYxNTMzMjg1OTU1MzMyJTIyJTIwd2lkdGglM0QlMjI2MDAlMjIlMjBoZWlnaHQlM0QlMjI0NTAlMjIlMjBmcmFtZWJvcmRlciUzRCUyMjAlMjIlMjBzdHlsZSUzRCUyMmJvcmRlciUzQTAlMjIlMjBhbGxvd2Z1bGxzY3JlZW4lM0UlM0MlMkZpZnJhbWUlM0U=&#8221;][mk_padding_divider size=&#8221;100&#8243;][\/vc_column][\/vc_row]\n<\/div>","protected":false},"excerpt":{"rendered":"<p>[mk_page_section bg_image=&#8221;https:\/\/www.ewp.bz\/wp-content\/uploads\/fernheizwerk-energiewerk-pfalzen-teleriscaldamento-azienda-energetica-falzes1.jpg&#8221; bg_position=&#8221;center center&#8221; bg_repeat=&#8221;no-repeat&#8221; bg_stretch=&#8221;true&#8221; adaptive_height=&#8221;true&#8221; max_height=&#8221;550&#8243; min_height=&#8221;250&#8243; padding_top=&#8221;0&#8243; padding_bottom=&#8221;0&#8243; el_class=&#8221;big-image&#8221; sidebar=&#8221;sidebar-1&#8243;][vc_column][\/vc_column][\/mk_page_section][vc_row][vc_column][mk_fancy_title size=&#8221;36&#8243; force_font_size=&#8221;true&#8221; size_tablet=&#8221;30&#8243; size_phone=&#8221;26&#8243; txt_transform=&#8221;uppercase&#8221; margin_top=&#8221;60&#8243; margin_bottom=&#8221;50&#8243; font_family=&#8221;none&#8221; align=&#8221;center&#8221;]Contattateci[\/mk_fancy_title][\/vc_column][\/vc_row][vc_row][vc_column width=&#8221;1\/2&#8243;][vc_column_text margin_bottom=&#8221;30&#8243; css=&#8221;.vc_custom_1717587720370{margin-bottom: 30px !important;}&#8221;]IL NOSTRO UFFICO Azienda energetica Falzes Unterberg 1, 39030 Falzes Orari di apertura dell\u2019ufficio : Luned\u00ec, Marted\u00ec e Gioved\u00ec ore 08:00 -12:00 E-MAIL Email:\u00a0info@ewp.bz PEC-Mail: ewp@pec.rolmail.net TELEFONO Telefono: +39 [&hellip;]<\/p>\n","protected":false},"author":1,"featured_media":0,"parent":0,"menu_order":0,"comment_status":"closed","ping_status":"closed","template":"","meta":{"footnotes":""},"_links":{"self":[{"href":"https:\/\/www.ewp.bz\/it\/wp-json\/wp\/v2\/pages\/6452"}],"collection":[{"href":"https:\/\/www.ewp.bz\/it\/wp-json\/wp\/v2\/pages"}],"about":[{"href":"https:\/\/www.ewp.bz\/it\/wp-json\/wp\/v2\/types\/page"}],"author":[{"embeddable":true,"href":"https:\/\/www.ewp.bz\/it\/wp-json\/wp\/v2\/users\/1"}],"replies":[{"embeddable":true,"href":"https:\/\/www.ewp.bz\/it\/wp-json\/wp\/v2\/comments?post=6452"}],"version-history":[{"count":5,"href":"https:\/\/www.ewp.bz\/it\/wp-json\/wp\/v2\/pages\/6452\/revisions"}],"predecessor-version":[{"id":6863,"href":"https:\/\/www.ewp.bz\/it\/wp-json\/wp\/v2\/pages\/6452\/revisions\/6863"}],"wp:attachment":[{"href":"https:\/\/www.ewp.bz\/it\/wp-json\/wp\/v2\/media?parent=6452"}],"curies":[{"name":"wp","href":"https:\/\/api.w.org\/{rel}","templated":true}]}}