{"id":6468,"date":"2019-09-26T09:16:32","date_gmt":"2019-09-26T07:16:32","guid":{"rendered":"http:\/\/www.ewp.bz\/?page_id=6468"},"modified":"2023-04-28T11:10:24","modified_gmt":"2023-04-28T09:10:24","slug":"home","status":"publish","type":"page","link":"https:\/\/www.ewp.bz\/it\/","title":{"rendered":"Home"},"content":{"rendered":"<div class=\"wpb-content-wrapper\">[vc_row fullwidth=&#8221;true&#8221; el_class=&#8221;big-image&#8221;][vc_column]\n\t\t\t<!-- START SliderDE REVOLUTION SLIDER 6.7.35 --><p class=\"rs-p-wp-fix\"><\/p>\n\t\t\t<rs-module-wrap id=\"rev_slider_1_1_wrapper\" data-source=\"gallery\" style=\"visibility:hidden;background:transparent;padding:0;margin:0px auto;margin-top:0;margin-bottom:0;\">\n\t\t\t\t<rs-module id=\"rev_slider_1_1\" style=\"\" data-version=\"6.7.35\">\n\t\t\t\t\t<rs-slides style=\"overflow: hidden; position: absolute;\">\n\t\t\t\t\t\t<rs-slide style=\"position: absolute;\" data-key=\"rs-1\" data-title=\"Slide\" data-thumb=\"\/\/www.ewp.bz\/wp-content\/uploads\/fernheizwerk-energiewerk-pfalzen-teleriscaldamento-azienda-energetica-falzes1-100x50.jpg\" data-anim=\"adpr:false;\">\n\t\t\t\t\t\t\t<img decoding=\"async\" src=\"\/\/www.ewp.bz\/wp-content\/plugins\/revslider\/sr6\/assets\/assets\/dummy.png\" alt=\"\" title=\"Home\" class=\"rev-slidebg tp-rs-img rs-lazyload\" data-lazyload=\"\/\/www.ewp.bz\/wp-content\/uploads\/fernheizwerk-energiewerk-pfalzen-teleriscaldamento-azienda-energetica-falzes1.jpg\" data-no-retina>\n<!---->\t\t\t\t\t<\/rs-slide>\n\t\t\t\t\t\t<rs-slide style=\"position: absolute;\" data-key=\"rs-2\" data-title=\"Slide\" data-thumb=\"\/\/www.ewp.bz\/wp-content\/uploads\/fernheizwerk-energiewerk-pfalzen-teleriscaldamento-azienda-energetica-falzes3-100x50.jpg\" data-anim=\"adpr:false;\">\n\t\t\t\t\t\t\t<img decoding=\"async\" src=\"\/\/www.ewp.bz\/wp-content\/plugins\/revslider\/sr6\/assets\/assets\/dummy.png\" alt=\"\" title=\"Home\" class=\"rev-slidebg tp-rs-img rs-lazyload\" data-lazyload=\"\/\/www.ewp.bz\/wp-content\/uploads\/fernheizwerk-energiewerk-pfalzen-teleriscaldamento-azienda-energetica-falzes3.jpg\" data-no-retina>\n<!---->\t\t\t\t\t<\/rs-slide>\n\t\t\t\t\t\t<rs-slide style=\"position: absolute;\" data-key=\"rs-3\" data-title=\"Slide\" data-thumb=\"\/\/www.ewp.bz\/wp-content\/uploads\/fernheizwerk-energiewerk-pfalzen-teleriscaldamento-azienda-energetica-falzes2-100x50.jpg\" data-anim=\"adpr:false;\">\n\t\t\t\t\t\t\t<img decoding=\"async\" src=\"\/\/www.ewp.bz\/wp-content\/plugins\/revslider\/sr6\/assets\/assets\/dummy.png\" alt=\"\" title=\"Home\" class=\"rev-slidebg tp-rs-img rs-lazyload\" data-lazyload=\"\/\/www.ewp.bz\/wp-content\/uploads\/fernheizwerk-energiewerk-pfalzen-teleriscaldamento-azienda-energetica-falzes2.jpg\" data-no-retina>\n<!---->\t\t\t\t\t<\/rs-slide>\n\t\t\t\t\t<\/rs-slides>\n\t\t\t\t<\/rs-module>\n\t\t\t\t<script>\n\t\t\t\t\tsetREVStartSize({c: 'rev_slider_1_1',rl:[1240,1024,778,480],el:[],gw:[1240],gh:[550],type:'standard',justify:'',layout:'fullwidth',mh:\"0\"});if (window.RS_MODULES!==undefined && window.RS_MODULES.modules!==undefined && window.RS_MODULES.modules[\"revslider11\"]!==undefined) {window.RS_MODULES.modules[\"revslider11\"].once = false;window.revapi1 = undefined;if (window.RS_MODULES.checkMinimal!==undefined) window.RS_MODULES.checkMinimal()}\n\t\t\t\t<\/script>\n\t\t\t<\/rs-module-wrap>\n\t\t\t<!-- END REVOLUTION SLIDER -->\n[\/vc_column][\/vc_row][vc_row][vc_column][mk_fancy_title size=&#8221;36&#8243; force_font_size=&#8221;true&#8221; size_tablet=&#8221;32&#8243; size_phone=&#8221;26&#8243; txt_transform=&#8221;uppercase&#8221; margin_top=&#8221;60&#8243; margin_bottom=&#8221;0&#8243; font_family=&#8221;none&#8221; align=&#8221;center&#8221;]Il teleriscaldamento di Falzes &#8211; EWP[\/mk_fancy_title][\/vc_column][\/vc_row][vc_row][vc_column][vc_column_text align=&#8221;center&#8221; css=&#8221;.vc_custom_1682673022613{margin-bottom: 0px !important;}&#8221;]<strong>Azienda Energetica Falzes societ\u00e0 cooperativa<\/strong><\/p>\n<p>Su iniziativa dell&#8217;amministrazione comunale di Falzes, \u00e8 stato istituito un comitato promotore per la creazione di una cooperativa per la costruzione e la gestione di un impianto di teleriscaldamento. L&#8217;obiettivo era quello di fornire al capoluogo di Falzes energia termica ecologica ed economica. Il calore viene generato da fonti di energia rinnovabile nella centrale termica e raggiunge gli edifici dei clienti collegati attraverso una rete di teleriscaldamento di circa 12 km di lunghezza. La rete \u00e8 monitorata da un sistema di rilevamento perdite che attiva immediatamente un allarme in caso di guasto e garantisce cos\u00ec un&#8217;alimentazione di calore il pi\u00f9 possibile priva di problemi.[\/vc_column_text][mk_padding_divider size=&#8221;50&#8243;][\/vc_column][\/vc_row][vc_row el_class=&#8221;einblendung&#8221;][vc_column width=&#8221;1\/6&#8243;][\/vc_column][vc_column width=&#8221;2\/3&#8243;][mk_padding_divider size=&#8221;30&#8243; visibility=&#8221;visible-sm&#8221;][\/vc_column][vc_column width=&#8221;1\/6&#8243;][\/vc_column][\/vc_row][vc_row][vc_column width=&#8221;1\/3&#8243;][mk_icon_box2 icon_size=&#8221;32&#8243; icon=&#8221;mk-icon-sliders&#8221; icon_color=&#8221;#ffffff&#8221; icon_background_color=&#8221;#006633&#8243; icon_hover_color=&#8221;#ffffff&#8221; icon_hover_background_color=&#8221;#cc3300&#8243; title=&#8221;Impianto&#8221; read_more_url=&#8221;\/it\/impianto&#8221;][\/mk_icon_box2][\/vc_column][vc_column width=&#8221;1\/3&#8243;][mk_icon_box2 icon_size=&#8221;32&#8243; icon=&#8221;mk-icon-child&#8221; icon_color=&#8221;#ffffff&#8221; icon_background_color=&#8221;#006633&#8243; icon_hover_color=&#8221;#ffffff&#8221; icon_hover_background_color=&#8221;#cc3300&#8243; title=&#8221;Clienti&#8221; read_more_url=&#8221;\/it\/clienti&#8221;][\/mk_icon_box2][\/vc_column][vc_column width=&#8221;1\/3&#8243;][mk_icon_box2 icon_size=&#8221;32&#8243; icon=&#8221;mk-icon-comments&#8221; icon_color=&#8221;#ffffff&#8221; icon_background_color=&#8221;#006633&#8243; icon_hover_color=&#8221;#ffffff&#8221; icon_hover_background_color=&#8221;#cc3300&#8243; title=&#8221;Contatto&#8221; read_more_url=&#8221;\/it\/contatto&#8221;][\/mk_icon_box2][\/vc_column][\/vc_row][vc_row][vc_column][mk_padding_divider size=&#8221;80&#8243;][\/vc_column][\/vc_row][vc_row][vc_column][mk_gallery images=&#8221;6569,6567&#8243; column=&#8221;2&#8243; image_size=&#8221;large&#8221; item_spacing=&#8221;20&#8243;][\/vc_column][\/vc_row][vc_row][vc_column][mk_padding_divider size=&#8221;80&#8243;][\/vc_column][\/vc_row]\n<\/div>","protected":false},"excerpt":{"rendered":"<p>[vc_row fullwidth=&#8221;true&#8221; el_class=&#8221;big-image&#8221;][vc_column][\/vc_column][\/vc_row][vc_row][vc_column][mk_fancy_title size=&#8221;36&#8243; force_font_size=&#8221;true&#8221; size_tablet=&#8221;32&#8243; size_phone=&#8221;26&#8243; txt_transform=&#8221;uppercase&#8221; margin_top=&#8221;60&#8243; margin_bottom=&#8221;0&#8243; font_family=&#8221;none&#8221; align=&#8221;center&#8221;]Il teleriscaldamento di Falzes &#8211; EWP[\/mk_fancy_title][\/vc_column][\/vc_row][vc_row][vc_column][vc_column_text align=&#8221;center&#8221; css=&#8221;.vc_custom_1682673022613{margin-bottom: 0px !important;}&#8221;]Azienda Energetica Falzes societ\u00e0 cooperativa Su iniziativa dell&#8217;amministrazione comunale di Falzes, \u00e8 stato istituito un comitato promotore per la creazione di una cooperativa per la costruzione e la gestione di un impianto di teleriscaldamento. L&#8217;obiettivo [&hellip;]<\/p>\n","protected":false},"author":1,"featured_media":0,"parent":0,"menu_order":0,"comment_status":"open","ping_status":"closed","template":"","meta":{"footnotes":""},"_links":{"self":[{"href":"https:\/\/www.ewp.bz\/it\/wp-json\/wp\/v2\/pages\/6468"}],"collection":[{"href":"https:\/\/www.ewp.bz\/it\/wp-json\/wp\/v2\/pages"}],"about":[{"href":"https:\/\/www.ewp.bz\/it\/wp-json\/wp\/v2\/types\/page"}],"author":[{"embeddable":true,"href":"https:\/\/www.ewp.bz\/it\/wp-json\/wp\/v2\/users\/1"}],"replies":[{"embeddable":true,"href":"https:\/\/www.ewp.bz\/it\/wp-json\/wp\/v2\/comments?post=6468"}],"version-history":[{"count":5,"href":"https:\/\/www.ewp.bz\/it\/wp-json\/wp\/v2\/pages\/6468\/revisions"}],"predecessor-version":[{"id":6829,"href":"https:\/\/www.ewp.bz\/it\/wp-json\/wp\/v2\/pages\/6468\/revisions\/6829"}],"wp:attachment":[{"href":"https:\/\/www.ewp.bz\/it\/wp-json\/wp\/v2\/media?parent=6468"}],"curies":[{"name":"wp","href":"https:\/\/api.w.org\/{rel}","templated":true}]}}